{"id":896,"date":"2014-06-05T12:52:39","date_gmt":"2014-06-05T10:52:39","guid":{"rendered":"http:\/\/schachclub-re-altstadt.de\/?page_id=896"},"modified":"2015-05-16T20:16:47","modified_gmt":"2015-05-16T18:16:47","slug":"ausschreibung","status":"publish","type":"page","link":"https:\/\/schachclub-re-altstadt.de\/?page_id=896","title":{"rendered":"Ausschreibung"},"content":{"rendered":"<p>Die Sparkasse Vest Recklinghausen und der SC Recklinghausen Altstadt 06 e.V. laden im Rahmen der <strong>\u201eWoche des Sports 2014\u201c<\/strong> <strong>\u2013 Ruhrfestspiele Recklinghausen \u2013<\/strong> alle Vereine des Schachbezirks Herne-Vest e.V. und den SK Hervest-Dorsten zum Vierer-Blitzturnier ein.<\/p>\n<p>Das Turnier findet am Samstag, den <strong>24. Mai 2014<\/strong> im Kolpinghaus, Herzogswall 38 in Recklinghausen statt. Beginn ist <strong>14.00 <\/strong>Uhr; die Mannschaften treffen bitte bis <strong>13.45<\/strong> Uhr ein.<\/p>\n<p>Preise:<\/p>\n<p>1.) Turniersieger:\u00a0 Pokal und 100,00 Euro<a href=\"http:\/\/schachclub-re-altstadt.de\/wp-content\/uploads\/2014\/04\/wds141.png\"><img loading=\"lazy\" decoding=\"async\" class=\"alignright size-full wp-image-714\" src=\"http:\/\/schachclub-re-altstadt.de\/wp-content\/uploads\/2014\/04\/wds141.png\" alt=\"wds14[1]\" width=\"170\" height=\"90\" \/><\/a><\/p>\n<p>2.) Zweiter:\u00a0\u00a0\u00a0\u00a0\u00a0\u00a0\u00a0\u00a0\u00a0 Pokal und\u00a0\u00a0 60,00 Euro<\/p>\n<p>3.) Dritter:\u00a0\u00a0\u00a0\u00a0\u00a0\u00a0\u00a0\u00a0\u00a0\u00a0\u00a0Pokal und\u00a0\u00a0\u00a0 40,00 Euro<\/p>\n<p>Weiterhin gibt es f\u00fcr alle Teilnehmer Sachpreise!<\/p>\n<p>Spielberechtigt sind alle Spieler (auch passiv gemeldete Vereinsspieler) der Schachvereine des Schachbezirks Herne-Vest e.V. und der SK Hervest-Dorsten. Pro Verein k\u00f6nnen zwei Mannschaften gemeldet werden.<\/p>\n<p>Es wird um rechtzeitige Anmeldung gebeten, damit die Preise f\u00fcr alle Spieler gestellt werden k\u00f6nnen. Anmeldung bei mir unter der E-Mailadresse<\/p>\n<p><strong><a href=\"mailto:udo.wickenfeld@web.de\">udo.wickenfeld@web.de<\/a><\/strong><\/p>\n<p>Jede Mannschaft bringt bitte zwei komplette Spiels\u00e4tze und eine Ersatzuhr mit!<\/p>\n<p>Die Sparkasse Vest Recklinghausen l\u00e4dt wieder <strong>alle<\/strong> <strong>Teilnehmer<\/strong> und <strong>Zuschauer<\/strong> auf ein Begr\u00fc\u00dfungsgetr\u00e4nk ein!<\/p>\n","protected":false},"excerpt":{"rendered":"<p>Die Sparkasse Vest Recklinghausen und der SC Recklinghausen Altstadt 06 e.V. laden im Rahmen der \u201eWoche des Sports 2014\u201c \u2013 Ruhrfestspiele Recklinghausen \u2013 alle Vereine des Schachbezirks Herne-Vest e.V. und den SK Hervest-Dorsten zum Vierer-Blitzturnier ein. Das Turnier findet am &hellip; <a href=\"https:\/\/schachclub-re-altstadt.de\/?page_id=896\">Weiterlesen <span class=\"meta-nav\">&rarr;<\/span><\/a><\/p>\n","protected":false},"author":2,"featured_media":0,"parent":2043,"menu_order":0,"comment_status":"open","ping_status":"open","template":"","meta":{"footnotes":""},"class_list":["post-896","page","type-page","status-publish","hentry"],"_links":{"self":[{"href":"https:\/\/schachclub-re-altstadt.de\/index.php?rest_route=\/wp\/v2\/pages\/896","targetHints":{"allow":["GET"]}}],"collection":[{"href":"https:\/\/schachclub-re-altstadt.de\/index.php?rest_route=\/wp\/v2\/pages"}],"about":[{"href":"https:\/\/schachclub-re-altstadt.de\/index.php?rest_route=\/wp\/v2\/types\/page"}],"author":[{"embeddable":true,"href":"https:\/\/schachclub-re-altstadt.de\/index.php?rest_route=\/wp\/v2\/users\/2"}],"replies":[{"embeddable":true,"href":"https:\/\/schachclub-re-altstadt.de\/index.php?rest_route=%2Fwp%2Fv2%2Fcomments&post=896"}],"version-history":[{"count":1,"href":"https:\/\/schachclub-re-altstadt.de\/index.php?rest_route=\/wp\/v2\/pages\/896\/revisions"}],"predecessor-version":[{"id":897,"href":"https:\/\/schachclub-re-altstadt.de\/index.php?rest_route=\/wp\/v2\/pages\/896\/revisions\/897"}],"up":[{"embeddable":true,"href":"https:\/\/schachclub-re-altstadt.de\/index.php?rest_route=\/wp\/v2\/pages\/2043"}],"wp:attachment":[{"href":"https:\/\/schachclub-re-altstadt.de\/index.php?rest_route=%2Fwp%2Fv2%2Fmedia&parent=896"}],"curies":[{"name":"wp","href":"https:\/\/api.w.org\/{rel}","templated":true}]}}