{"id":781,"date":"2014-05-04T20:27:57","date_gmt":"2014-05-04T18:27:57","guid":{"rendered":"http:\/\/schachclub-re-altstadt.de\/?page_id=781"},"modified":"2015-08-12T14:42:27","modified_gmt":"2015-08-12T12:42:27","slug":"3-mannschaft","status":"publish","type":"page","link":"https:\/\/schachclub-re-altstadt.de\/?page_id=781","title":{"rendered":"3. Mannschaft"},"content":{"rendered":"<h2>SC Recklinghausen Altstadt 3 (<a title=\"zum SBNRW - Vereinsportal\" href=\"http:\/\/nrw.svw.info\/ergebnisse\/show\/2014\/1003\/\" target=\"_blank\">Kreisliga<\/a>)<\/h2>\n<h3>Spielplan<\/h3>\n<table>\n<tbody>\n<tr>\n<th>Rd.<\/th>\n<th>Datum<\/th>\n<th>Gegner<\/th>\n<th>Erg.<\/th>\n<\/tr>\n<tr>\n<td>1<\/td>\n<td>28.09.2014<\/td>\n<td>SV K\u00f6nigsspringer Haltern III (H)<\/td>\n<td><a title=\"Saisonstart in der Kreisliga\" href=\"http:\/\/schachclub-re-altstadt.de\/?p=1284\">4\u00bd:1\u00bd<\/a><\/td>\n<\/tr>\n<tr>\n<td>2<\/td>\n<td>02.11.2014<\/td>\n<td>Recklingh\u00e4user SG L\u00e4ufer-Ost (H)<\/td>\n<td><a title=\"Altstadt III gewinnt erstes Stadtderby der Kreisliga\" href=\"http:\/\/schachclub-re-altstadt.de\/?p=1389\">5:1<\/a><\/td>\n<\/tr>\n<tr>\n<td>3<\/td>\n<td>30.11.2014<\/td>\n<td>SV Recklinghausen-S\u00fcd II (A)<\/td>\n<td>1:5<\/td>\n<\/tr>\n<tr>\n<td>4<\/td>\n<td>01.02.2015<\/td>\n<td>SV Unser Fritz VI (H)<\/td>\n<td>kampflos<\/td>\n<\/tr>\n<tr>\n<td>5<\/td>\n<td>01.03.2015<\/td>\n<td>SV Unser Fritz V (A)<\/td>\n<td><a title=\"Altstadt III mit 3. Sieg im viertem Spiel\" href=\"http:\/\/schachclub-re-altstadt.de\/?p=1867\">3\u00bd:2\u00bd<\/a><\/td>\n<\/tr>\n<tr>\n<td>6<\/td>\n<td>12.04.2015<\/td>\n<td>SV Waltrop IV (H)<\/td>\n<td><a title=\"Dritte Mannschaft spielt 3:3\" href=\"http:\/\/schachclub-re-altstadt.de\/?p=1968\">3:3<\/a><\/td>\n<\/tr>\n<tr>\n<td>7<\/td>\n<td>03.05.2015<\/td>\n<td>SG Suderwich (A)<\/td>\n<td>2:4<\/td>\n<\/tr>\n<\/tbody>\n<\/table>\n<h3><\/h3>\n<h3>Einzelergebnisse<\/h3>\n<table>\n<tbody>\n<tr>\n<th>Rang<\/th>\n<th>Name<\/th>\n<th>DWZ<\/th>\n<th>1<\/th>\n<th>2<\/th>\n<th>3<\/th>\n<th>4<\/th>\n<th>5<\/th>\n<th>6<\/th>\n<th>7<\/th>\n<th>Ges.<\/th>\n<th>DWZ +\/-<\/th>\n<\/tr>\n<tr>\n<td>17<\/td>\n<td>Klaus Beer<\/td>\n<td>1732<\/td>\n<td>1k<\/td>\n<td>1<\/td>\n<td>&#8211;<\/td>\n<td>&#8211;<\/td>\n<td>1<\/td>\n<td>1<\/td>\n<td>\u00bd<\/td>\n<td>4\u00bd\/5<\/td>\n<td>+19<\/td>\n<\/tr>\n<tr>\n<td>18<\/td>\n<td>Franz Stark<\/td>\n<td>1291<\/td>\n<td>&#8211;<\/td>\n<td>&#8211;<\/td>\n<td>0<\/td>\n<td>&#8211;<\/td>\n<td>&#8211;<\/td>\n<td>&#8211;<\/td>\n<td>0<\/td>\n<td>0\/2<\/td>\n<td>-13<\/td>\n<\/tr>\n<tr>\n<td>19<\/td>\n<td>Joschka Marius Littmann<\/td>\n<td>1284<\/td>\n<td>\u00bd<\/td>\n<td>\u00bd<\/td>\n<td>0<\/td>\n<td>&#8211;<\/td>\n<td>0<\/td>\n<td>1<\/td>\n<td>\u00bd<\/td>\n<td>2\u00bd\/6<\/td>\n<td>+4<\/td>\n<\/tr>\n<tr>\n<td>20<\/td>\n<td>Ludwig Schedlbauer<\/td>\n<td>1403<\/td>\n<td>0<\/td>\n<td>\u00bd<\/td>\n<td>&#8211;<\/td>\n<td>&#8211;<\/td>\n<td>&#8211;<\/td>\n<td>1<\/td>\n<td>0<\/td>\n<td>1\u00bd\/4<\/td>\n<td>-41<\/td>\n<\/tr>\n<tr>\n<td>21<\/td>\n<td>Dmitrij Savinov<\/td>\n<td>1208<\/td>\n<td>1<\/td>\n<td>1<\/td>\n<td>0<\/td>\n<td>&#8211;<\/td>\n<td>\u00bd<\/td>\n<td>0<\/td>\n<td>1<\/td>\n<td>3\u00bd\/6<\/td>\n<td>+27<\/td>\n<\/tr>\n<tr>\n<td>22<\/td>\n<td>Christopher Beer<\/td>\n<td>1010<\/td>\n<td>1<\/td>\n<td>1<\/td>\n<td>0<\/td>\n<td>&#8211;<\/td>\n<td>\u00bd<\/td>\n<td>0<\/td>\n<td>0<\/td>\n<td>2\u00bd\/6<\/td>\n<td>+75<\/td>\n<\/tr>\n<tr>\n<td>3001<\/td>\n<td>Nilakxan Thiruthanivel<\/td>\n<td>929<\/td>\n<td>1<\/td>\n<td>&#8211;<\/td>\n<td>0<\/td>\n<td>&#8211;<\/td>\n<td>\u00bd<\/td>\n<td>0<\/td>\n<td>&#8211;<\/td>\n<td>1\u00bd\/4<\/td>\n<td>+49<\/td>\n<\/tr>\n<tr>\n<td>23<\/td>\n<td>Valeriy Kuznetsov<\/td>\n<td>1326<\/td>\n<td><\/td>\n<td><\/td>\n<td>1<\/td>\n<td><\/td>\n<td><\/td>\n<td><\/td>\n<td><\/td>\n<td>1\/1<\/td>\n<td>+35<\/td>\n<\/tr>\n<tr>\n<td>25<\/td>\n<td>Viktor Trefilov<\/td>\n<td>1258<\/td>\n<td><\/td>\n<td>1<\/td>\n<td><\/td>\n<td><\/td>\n<td>1<\/td>\n<td><\/td>\n<td><\/td>\n<td>2\/2<\/td>\n<td>+11<\/td>\n<\/tr>\n<\/tbody>\n<\/table>\n<h3><\/h3>\n<h3>Tabelle<\/h3>\n<table class=\"portal64_ergebnistabelle\" border=\"1\">\n<thead>\n<tr>\n<th>Pl.<\/th>\n<th>Mannschaft<\/th>\n<th>1<\/th>\n<th>2<\/th>\n<th>3<\/th>\n<th>4<\/th>\n<th>5<\/th>\n<th>6<\/th>\n<th>7<\/th>\n<th>8<\/th>\n<th class=\"dbl\"><abbr title=\"Spiele\">Sp<\/abbr><\/th>\n<th><abbr title=\"gewonnen\">+<\/abbr><\/th>\n<th><abbr title=\"unentschieden\">=<\/abbr><\/th>\n<th><abbr title=\"verloren\">&#8211;<\/abbr><\/th>\n<th class=\"dbl\"><abbr title=\"Mannschaftspunkte\">MP<\/abbr><\/th>\n<th><abbr title=\"Brettpunkte\">BP<\/abbr><\/th>\n<\/tr>\n<\/thead>\n<tbody>\n<tr class=\" aufsteiger\">\n<td>1<\/td>\n<td><a href=\"http:\/\/nrw.svw.info\/ergebnisse\/show\/2014\/1003\/einzelergebnisse\/7533\/\">SG Suderwich 1<\/a><\/td>\n<td>**<\/td>\n<td>3,5<\/td>\n<td>3,5<\/td>\n<td>4,0<\/td>\n<td>4,0<\/td>\n<td>4,0<\/td>\n<td>4,0<\/td>\n<td><\/td>\n<td class=\"dbl\">6<\/td>\n<td>6<\/td>\n<td>0<\/td>\n<td>0<\/td>\n<td class=\"dbl\">12<\/td>\n<td>23.0<\/td>\n<\/tr>\n<tr class=\" aufsteiger\">\n<td>2<\/td>\n<td><a href=\"http:\/\/nrw.svw.info\/ergebnisse\/show\/2014\/1003\/einzelergebnisse\/7525\/\">SV Recklinghausen-S\u00fcd 2<\/a><\/td>\n<td>2,5<\/td>\n<td>**<\/td>\n<td>2,5<\/td>\n<td>5,0<\/td>\n<td>3,5<\/td>\n<td>3,5<\/td>\n<td>4,5<\/td>\n<td><\/td>\n<td class=\"dbl\">6<\/td>\n<td>4<\/td>\n<td>0<\/td>\n<td>2<\/td>\n<td class=\"dbl\">8<\/td>\n<td>21.5<\/td>\n<\/tr>\n<tr>\n<td>3<\/td>\n<td><a href=\"http:\/\/nrw.svw.info\/ergebnisse\/show\/2014\/1003\/einzelergebnisse\/7529\/\">SV Unser Fritz 5<\/a><\/td>\n<td>2,5<\/td>\n<td>3,5<\/td>\n<td>**<\/td>\n<td>2,5<\/td>\n<td>3,0<\/td>\n<td>4,0<\/td>\n<td>5,0<\/td>\n<td>0,0<\/td>\n<td class=\"dbl\">7<\/td>\n<td>3<\/td>\n<td>2<\/td>\n<td>2<\/td>\n<td class=\"dbl\">7<\/td>\n<td>20.5<\/td>\n<\/tr>\n<tr>\n<td>4<\/td>\n<td><a href=\"http:\/\/nrw.svw.info\/ergebnisse\/show\/2014\/1003\/einzelergebnisse\/7521\/\">SC Recklinghausen Altstadt 3<\/a><\/td>\n<td>2,0<\/td>\n<td>1,0<\/td>\n<td>3,5<\/td>\n<td>**<\/td>\n<td>4,5<\/td>\n<td>5,0<\/td>\n<td>3,0<\/td>\n<td><\/td>\n<td class=\"dbl\">6<\/td>\n<td>3<\/td>\n<td>1<\/td>\n<td>2<\/td>\n<td class=\"dbl\">7<\/td>\n<td>19.0<\/td>\n<\/tr>\n<tr>\n<td>5<\/td>\n<td><a href=\"http:\/\/nrw.svw.info\/ergebnisse\/show\/2014\/1003\/einzelergebnisse\/7535\/\">SV K\u00f6nigsspringer Haltern 3<\/a><\/td>\n<td>2,0<\/td>\n<td>2,5<\/td>\n<td>3,0<\/td>\n<td>1,5<\/td>\n<td>**<\/td>\n<td>3,0<\/td>\n<td>5,0<\/td>\n<td><\/td>\n<td class=\"dbl\">6<\/td>\n<td>1<\/td>\n<td>2<\/td>\n<td>3<\/td>\n<td class=\"dbl\">4<\/td>\n<td>17.0<\/td>\n<\/tr>\n<tr>\n<td>6<\/td>\n<td><a href=\"http:\/\/nrw.svw.info\/ergebnisse\/show\/2014\/1003\/einzelergebnisse\/7523\/\">Recklingh\u00e4user SG L\u00e4ufer-Ost 3<\/a><\/td>\n<td>2,0<\/td>\n<td>2,5<\/td>\n<td>2,0<\/td>\n<td>1,0<\/td>\n<td>3,0<\/td>\n<td>**<\/td>\n<td>3,0<\/td>\n<td><\/td>\n<td class=\"dbl\">6<\/td>\n<td>0<\/td>\n<td>2<\/td>\n<td>4<\/td>\n<td class=\"dbl\">2<\/td>\n<td>13.5<\/td>\n<\/tr>\n<tr>\n<td>7<\/td>\n<td><a href=\"http:\/\/nrw.svw.info\/ergebnisse\/show\/2014\/1003\/einzelergebnisse\/7531\/\">SV Waltrop 4<\/a><\/td>\n<td>2,0<\/td>\n<td>1,5<\/td>\n<td>1,0<\/td>\n<td>3,0<\/td>\n<td>1,0<\/td>\n<td>3,0<\/td>\n<td>**<\/td>\n<td><\/td>\n<td class=\"dbl\">6<\/td>\n<td>0<\/td>\n<td>2<\/td>\n<td>4<\/td>\n<td class=\"dbl\">2<\/td>\n<td>11.5<\/td>\n<\/tr>\n<tr class=\"zurueckgezogen absteiger\">\n<td>8<\/td>\n<td><span style=\"text-decoration: line-through;\" title=\"Mannschaft wurde am 21.09.2014 zur\u00fcckgezogen\"> <a href=\"http:\/\/nrw.svw.info\/ergebnisse\/show\/2014\/1003\/einzelergebnisse\/7527\/\">SV Unser Fritz 6<\/a> <\/span><\/td>\n<td><\/td>\n<td><\/td>\n<td>0,0<\/td>\n<td><\/td>\n<td><\/td>\n<td><\/td>\n<td><\/td>\n<td>**<\/td>\n<td class=\"dbl\">1<\/td>\n<td>0<\/td>\n<td>1<\/td>\n<td>0<\/td>\n<td class=\"dbl\">0<\/td>\n<td>0.0<\/td>\n<\/tr>\n<\/tbody>\n<\/table>\n<p>&nbsp;<\/p>\n<p><a title=\"zu den Berichten der 3. Mannschaft\" href=\"http:\/\/schachclub-re-altstadt.de\/?cat=6\">\u00dcbersicht der Berichte<\/a><\/p>\n","protected":false},"excerpt":{"rendered":"<p>SC Recklinghausen Altstadt 3 (Kreisliga) Spielplan Rd. Datum Gegner Erg. 1 28.09.2014 SV K\u00f6nigsspringer Haltern III (H) 4\u00bd:1\u00bd 2 02.11.2014 Recklingh\u00e4user SG L\u00e4ufer-Ost (H) 5:1 3 30.11.2014 SV Recklinghausen-S\u00fcd II (A) 1:5 4 01.02.2015 SV Unser Fritz VI (H) kampflos &hellip; <a href=\"https:\/\/schachclub-re-altstadt.de\/?page_id=781\">Weiterlesen <span class=\"meta-nav\">&rarr;<\/span><\/a><\/p>\n","protected":false},"author":2,"featured_media":0,"parent":2210,"menu_order":2,"comment_status":"open","ping_status":"open","template":"","meta":{"footnotes":""},"class_list":["post-781","page","type-page","status-publish","hentry"],"_links":{"self":[{"href":"https:\/\/schachclub-re-altstadt.de\/index.php?rest_route=\/wp\/v2\/pages\/781","targetHints":{"allow":["GET"]}}],"collection":[{"href":"https:\/\/schachclub-re-altstadt.de\/index.php?rest_route=\/wp\/v2\/pages"}],"about":[{"href":"https:\/\/schachclub-re-altstadt.de\/index.php?rest_route=\/wp\/v2\/types\/page"}],"author":[{"embeddable":true,"href":"https:\/\/schachclub-re-altstadt.de\/index.php?rest_route=\/wp\/v2\/users\/2"}],"replies":[{"embeddable":true,"href":"https:\/\/schachclub-re-altstadt.de\/index.php?rest_route=%2Fwp%2Fv2%2Fcomments&post=781"}],"version-history":[{"count":16,"href":"https:\/\/schachclub-re-altstadt.de\/index.php?rest_route=\/wp\/v2\/pages\/781\/revisions"}],"predecessor-version":[{"id":2025,"href":"https:\/\/schachclub-re-altstadt.de\/index.php?rest_route=\/wp\/v2\/pages\/781\/revisions\/2025"}],"up":[{"embeddable":true,"href":"https:\/\/schachclub-re-altstadt.de\/index.php?rest_route=\/wp\/v2\/pages\/2210"}],"wp:attachment":[{"href":"https:\/\/schachclub-re-altstadt.de\/index.php?rest_route=%2Fwp%2Fv2%2Fmedia&parent=781"}],"curies":[{"name":"wp","href":"https:\/\/api.w.org\/{rel}","templated":true}]}}