{"id":752,"date":"2014-05-04T00:17:14","date_gmt":"2014-05-03T22:17:14","guid":{"rendered":"http:\/\/schachclub-re-altstadt.de\/?page_id=752"},"modified":"2015-07-18T12:50:03","modified_gmt":"2015-07-18T10:50:03","slug":"vereinsmeisterschaft","status":"publish","type":"page","link":"https:\/\/schachclub-re-altstadt.de\/?page_id=752","title":{"rendered":"Vereinsmeisterschaft"},"content":{"rendered":"<p style=\"text-align: justify;\">Die Vereinsmeisterschaft wird als f\u00fcnfrundiges Turnier im Schweizer System ausgetragen.<br \/>\nDie Bedenkzeit betr\u00e4gt 90 Minuten f\u00fcr 40 Z\u00fcge + 30 Minuten f\u00fcr die restliche Partie und wird nach dem Abschluss DWZ-ausgewertet.<\/p>\n<p style=\"text-align: justify;\">1. Runde: Freitag, den 24.4.2015<br \/>\n2. Runde: Freitag, den 8.5.2015<br \/>\n3. Runde: Freitag, den 22.5.2015<br \/>\n4. Runde: Freitag, den 5.6.2015<br \/>\n5. Runde: Freitag, den 26.6.2015<br \/>\nPreis: Der Gewinner der Vereinsmeisterschaft erh\u00e4lt den Vereinspokal (Wanderpokal).<\/p>\n<p style=\"text-align: justify;\">Update: <a href=\"http:\/\/schachclub-re-altstadt.de\/?p=2173\">Neuer Vereinsmeister ist Frank Block<\/a><\/p>\n<p style=\"text-align: justify;\"><a title=\"Teilnehmer\" href=\"http:\/\/schachclub-re-altstadt.de\/?page_id=1992\">Teilnehmer<\/a><br \/>\n<a title=\"1. Runde\" href=\"http:\/\/schachclub-re-altstadt.de\/?page_id=1994\">1. Runde<\/a><br \/>\n<a href=\"http:\/\/schachclub-re-altstadt.de\/?page_id=2027\">2. Runde<\/a><br \/>\n<a href=\"http:\/\/schachclub-re-altstadt.de\/?page_id=2039\">3. Runde<\/a><br \/>\n<a href=\"http:\/\/schachclub-re-altstadt.de\/?page_id=2070\">4. Runde<\/a><br \/>\n<a href=\"http:\/\/schachclub-re-altstadt.de\/?page_id=2126\">5. Runde<\/a><br \/>\n<a title=\"Tabelle\" href=\"http:\/\/schachclub-re-altstadt.de\/?page_id=1996\">Endstand<\/a><\/p>\n","protected":false},"excerpt":{"rendered":"<p>Die Vereinsmeisterschaft wird als f\u00fcnfrundiges Turnier im Schweizer System ausgetragen. Die Bedenkzeit betr\u00e4gt 90 Minuten f\u00fcr 40 Z\u00fcge + 30 Minuten f\u00fcr die restliche Partie und wird nach dem Abschluss DWZ-ausgewertet. 1. Runde: Freitag, den 24.4.2015 2. Runde: Freitag, den &hellip; <a href=\"https:\/\/schachclub-re-altstadt.de\/?page_id=752\">Weiterlesen <span class=\"meta-nav\">&rarr;<\/span><\/a><\/p>\n","protected":false},"author":2,"featured_media":0,"parent":750,"menu_order":0,"comment_status":"open","ping_status":"open","template":"","meta":{"footnotes":""},"class_list":["post-752","page","type-page","status-publish","hentry"],"_links":{"self":[{"href":"https:\/\/schachclub-re-altstadt.de\/index.php?rest_route=\/wp\/v2\/pages\/752","targetHints":{"allow":["GET"]}}],"collection":[{"href":"https:\/\/schachclub-re-altstadt.de\/index.php?rest_route=\/wp\/v2\/pages"}],"about":[{"href":"https:\/\/schachclub-re-altstadt.de\/index.php?rest_route=\/wp\/v2\/types\/page"}],"author":[{"embeddable":true,"href":"https:\/\/schachclub-re-altstadt.de\/index.php?rest_route=\/wp\/v2\/users\/2"}],"replies":[{"embeddable":true,"href":"https:\/\/schachclub-re-altstadt.de\/index.php?rest_route=%2Fwp%2Fv2%2Fcomments&post=752"}],"version-history":[{"count":15,"href":"https:\/\/schachclub-re-altstadt.de\/index.php?rest_route=\/wp\/v2\/pages\/752\/revisions"}],"predecessor-version":[{"id":2184,"href":"https:\/\/schachclub-re-altstadt.de\/index.php?rest_route=\/wp\/v2\/pages\/752\/revisions\/2184"}],"up":[{"embeddable":true,"href":"https:\/\/schachclub-re-altstadt.de\/index.php?rest_route=\/wp\/v2\/pages\/750"}],"wp:attachment":[{"href":"https:\/\/schachclub-re-altstadt.de\/index.php?rest_route=%2Fwp%2Fv2%2Fmedia&parent=752"}],"curies":[{"name":"wp","href":"https:\/\/api.w.org\/{rel}","templated":true}]}}