{"id":3181,"date":"2016-08-27T10:31:53","date_gmt":"2016-08-27T08:31:53","guid":{"rendered":"http:\/\/schachclub-re-altstadt.de\/?page_id=3181"},"modified":"2016-09-25T11:53:17","modified_gmt":"2016-09-25T09:53:17","slug":"stadtmeisterschaften","status":"publish","type":"page","link":"https:\/\/schachclub-re-altstadt.de\/?page_id=3181","title":{"rendered":"Stadtmeisterschaften"},"content":{"rendered":"<p style=\"text-align: justify;\">Im Jahr 2016 fand eine von Altstadt und dem SV Springer Recklinghausen-S\u00fcd ausgetragene Schnellschach-Stadtmeisterschaft statt. Die Meisterschaft begann am 26.08.2016 und endete am 23.09..<\/p>\n<p style=\"text-align: justify;\">Es nahmen 16 Spieler teil. \u00dcberlegener Sieger wurde Top-Favorit Stefan Wickenfeld (Altstadt) mit 6 Punkten aus 7 Partien vor Ralf Callenberg (S\u00fcd, 5 Pkt.), Michael Glahn (Altstadt, 4,5 Pkt.) und Martin Herud (S\u00fcd, 4,5 Pkt.).<\/p>\n<p style=\"text-align: justify;\"><a href=\"http:\/\/schachclub-re-altstadt.de\/?p=3173\">Ausschreibung<\/a><br \/>\n<a href=\"http:\/\/schachclub-re-altstadt.de\/?p=3201\">Bericht Rd. 1-3<br \/>\n<\/a><a href=\"http:\/\/schachclub-re-altstadt.de\/?p=3226\">Bericht Rd. 4-5<br \/>\n<\/a><a href=\"http:\/\/schachclub-re-altstadt.de\/?p=3299\">Abschlussbericht<\/a><\/p>\n<p style=\"text-align: justify;\"><a href=\"http:\/\/schachclub-re-altstadt.de\/?page_id=3185\">Teilnehmer<\/a><br \/>\n<a href=\"http:\/\/schachclub-re-altstadt.de\/?page_id=3189\">Runde 1<\/a><br \/>\n<a href=\"http:\/\/schachclub-re-altstadt.de\/?page_id=3191\">Runde 2<\/a><br \/>\n<a href=\"http:\/\/schachclub-re-altstadt.de\/?page_id=3193\">Runde 3<\/a><br \/>\n<a href=\"http:\/\/schachclub-re-altstadt.de\/?page_id=3195\">Runde 4<\/a><br \/>\n<a href=\"http:\/\/schachclub-re-altstadt.de\/?page_id=3221\">Runde 5<\/a><br \/>\n<a href=\"http:\/\/schachclub-re-altstadt.de\/?page_id=3266\">Runde 6<\/a><br \/>\n<a href=\"http:\/\/schachclub-re-altstadt.de\/?page_id=3295\">Runde 7<\/a><br \/>\n<a href=\"http:\/\/schachclub-re-altstadt.de\/?page_id=3197\">Endstand<\/a><\/p>\n","protected":false},"excerpt":{"rendered":"<p>Im Jahr 2016 fand eine von Altstadt und dem SV Springer Recklinghausen-S\u00fcd ausgetragene Schnellschach-Stadtmeisterschaft statt. Die Meisterschaft begann am 26.08.2016 und endete am 23.09.. Es nahmen 16 Spieler teil. \u00dcberlegener Sieger wurde Top-Favorit Stefan Wickenfeld (Altstadt) mit 6 Punkten aus &hellip; <a href=\"https:\/\/schachclub-re-altstadt.de\/?page_id=3181\">Weiterlesen <span class=\"meta-nav\">&rarr;<\/span><\/a><\/p>\n","protected":false},"author":2,"featured_media":0,"parent":750,"menu_order":4,"comment_status":"closed","ping_status":"closed","template":"","meta":{"footnotes":""},"class_list":["post-3181","page","type-page","status-publish","hentry"],"_links":{"self":[{"href":"https:\/\/schachclub-re-altstadt.de\/index.php?rest_route=\/wp\/v2\/pages\/3181","targetHints":{"allow":["GET"]}}],"collection":[{"href":"https:\/\/schachclub-re-altstadt.de\/index.php?rest_route=\/wp\/v2\/pages"}],"about":[{"href":"https:\/\/schachclub-re-altstadt.de\/index.php?rest_route=\/wp\/v2\/types\/page"}],"author":[{"embeddable":true,"href":"https:\/\/schachclub-re-altstadt.de\/index.php?rest_route=\/wp\/v2\/users\/2"}],"replies":[{"embeddable":true,"href":"https:\/\/schachclub-re-altstadt.de\/index.php?rest_route=%2Fwp%2Fv2%2Fcomments&post=3181"}],"version-history":[{"count":12,"href":"https:\/\/schachclub-re-altstadt.de\/index.php?rest_route=\/wp\/v2\/pages\/3181\/revisions"}],"predecessor-version":[{"id":3302,"href":"https:\/\/schachclub-re-altstadt.de\/index.php?rest_route=\/wp\/v2\/pages\/3181\/revisions\/3302"}],"up":[{"embeddable":true,"href":"https:\/\/schachclub-re-altstadt.de\/index.php?rest_route=\/wp\/v2\/pages\/750"}],"wp:attachment":[{"href":"https:\/\/schachclub-re-altstadt.de\/index.php?rest_route=%2Fwp%2Fv2%2Fmedia&parent=3181"}],"curies":[{"name":"wp","href":"https:\/\/api.w.org\/{rel}","templated":true}]}}