{"id":2136,"date":"2015-06-28T17:50:59","date_gmt":"2015-06-28T15:50:59","guid":{"rendered":"http:\/\/schachclub-re-altstadt.de\/?page_id=2136"},"modified":"2015-10-07T01:42:27","modified_gmt":"2015-10-06T23:42:27","slug":"juni-ohne-thema","status":"publish","type":"page","link":"https:\/\/schachclub-re-altstadt.de\/?page_id=2136","title":{"rendered":"Juni (ohne Thema)"},"content":{"rendered":"<p style=\"text-align: justify;\">Am 26.06. fand der Abschluss der diesj\u00e4hrigen Schnellschach-Turnierserie statt. Es nahmen 11 Spieler teil. Gewonnen hat Franz Schulze Bisping hauchd\u00fcnn vor Michael Glahn, was damit auch das Ergebnis der <a href=\"http:\/\/schachclub-re-altstadt.de\/?page_id=1202\">Gesamtwertung<\/a> darstellt.<\/p>\n<p><a href=\"http:\/\/schachclub-re-altstadt.de\/?p=2131\">Ank\u00fcndigung<\/a><br \/>\n<a href=\"http:\/\/schachclub-re-altstadt.de\/?p=2157\">Abschlussbericht<\/a><br \/>\n<a href=\"http:\/\/schachclub-re-altstadt.de\/?page_id=2138\">Teilnehmer<\/a><br \/>\n<a href=\"http:\/\/schachclub-re-altstadt.de\/?page_id=2140\">Rundenergebnisse<\/a><br \/>\n<a href=\"http:\/\/schachclub-re-altstadt.de\/?page_id=2143\">Endstand<\/a><br \/>\n<a href=\"http:\/\/schachclub-re-altstadt.de\/?page_id=2145\">Fotos<\/a><\/p>\n","protected":false},"excerpt":{"rendered":"<p>Am 26.06. fand der Abschluss der diesj\u00e4hrigen Schnellschach-Turnierserie statt. Es nahmen 11 Spieler teil. Gewonnen hat Franz Schulze Bisping hauchd\u00fcnn vor Michael Glahn, was damit auch das Ergebnis der Gesamtwertung darstellt. Ank\u00fcndigung Abschlussbericht Teilnehmer Rundenergebnisse Endstand Fotos<\/p>\n","protected":false},"author":2,"featured_media":0,"parent":2453,"menu_order":5,"comment_status":"open","ping_status":"open","template":"","meta":{"footnotes":""},"class_list":["post-2136","page","type-page","status-publish","hentry"],"_links":{"self":[{"href":"https:\/\/schachclub-re-altstadt.de\/index.php?rest_route=\/wp\/v2\/pages\/2136","targetHints":{"allow":["GET"]}}],"collection":[{"href":"https:\/\/schachclub-re-altstadt.de\/index.php?rest_route=\/wp\/v2\/pages"}],"about":[{"href":"https:\/\/schachclub-re-altstadt.de\/index.php?rest_route=\/wp\/v2\/types\/page"}],"author":[{"embeddable":true,"href":"https:\/\/schachclub-re-altstadt.de\/index.php?rest_route=\/wp\/v2\/users\/2"}],"replies":[{"embeddable":true,"href":"https:\/\/schachclub-re-altstadt.de\/index.php?rest_route=%2Fwp%2Fv2%2Fcomments&post=2136"}],"version-history":[{"count":5,"href":"https:\/\/schachclub-re-altstadt.de\/index.php?rest_route=\/wp\/v2\/pages\/2136\/revisions"}],"predecessor-version":[{"id":2160,"href":"https:\/\/schachclub-re-altstadt.de\/index.php?rest_route=\/wp\/v2\/pages\/2136\/revisions\/2160"}],"up":[{"embeddable":true,"href":"https:\/\/schachclub-re-altstadt.de\/index.php?rest_route=\/wp\/v2\/pages\/2453"}],"wp:attachment":[{"href":"https:\/\/schachclub-re-altstadt.de\/index.php?rest_route=%2Fwp%2Fv2%2Fmedia&parent=2136"}],"curies":[{"name":"wp","href":"https:\/\/api.w.org\/{rel}","templated":true}]}}