{"id":1955,"date":"2015-04-14T15:05:50","date_gmt":"2015-04-14T13:05:50","guid":{"rendered":"http:\/\/schachclub-re-altstadt.de\/?page_id=1955"},"modified":"2015-04-14T15:06:48","modified_gmt":"2015-04-14T13:06:48","slug":"ausschreibung","status":"publish","type":"page","link":"https:\/\/schachclub-re-altstadt.de\/?page_id=1955","title":{"rendered":"Ausschreibung"},"content":{"rendered":"<p style=\"text-align: justify;\">Die Vereinsmeisterschaft wird als f\u00fcnfrundiges Turnier im Schweizer System ausgetragen.<br \/>\nDie Bedenkzeit betr\u00e4gt 90 Minuten f\u00fcr 40 Z\u00fcge + 30 Minuten f\u00fcr die restliche Partie und wird nach dem Abschluss DWZ-ausgewertet.<br \/>\nIn den ersten beiden Runden spielen die obere bzw. untere H\u00e4lfte (nach DWZ) in zwei getrennten Gruppen, damit sofort auch die Partien der ersten Runden spannender bleiben und der Spielst\u00e4rkenunterschied in diesen Runden nicht zu gro\u00df ist. Ab der 3. Runde spielen beide Gruppen gemeinsam.<\/p>\n<p style=\"text-align: justify;\">Die Auslosung f\u00fcr die 1. Runde erfolgt am Freitag um 19:15.<br \/>\n1. Runde: Freitag, den 2.5.2014<br \/>\n2. Runde: Freitag, den 16.5.2014<br \/>\n3. Runde: Freitag, den 30.5.2014<br \/>\n4. Runde: Freitag, den 13.6.2014<br \/>\n5. Runde: Freitag, den 27.6.2014<br \/>\nPreis: Der Gewinner der Vereinsmeisterschaft erh\u00e4lt den Vereinspokal (Wanderpokal).<br \/>\nDie drei Erstplatzierten erhalten jeweils eine Urkunde.<\/p>\n","protected":false},"excerpt":{"rendered":"<p>Die Vereinsmeisterschaft wird als f\u00fcnfrundiges Turnier im Schweizer System ausgetragen. Die Bedenkzeit betr\u00e4gt 90 Minuten f\u00fcr 40 Z\u00fcge + 30 Minuten f\u00fcr die restliche Partie und wird nach dem Abschluss DWZ-ausgewertet. In den ersten beiden Runden spielen die obere bzw. &hellip; <a href=\"https:\/\/schachclub-re-altstadt.de\/?page_id=1955\">Weiterlesen <span class=\"meta-nav\">&rarr;<\/span><\/a><\/p>\n","protected":false},"author":2,"featured_media":0,"parent":1954,"menu_order":0,"comment_status":"open","ping_status":"open","template":"","meta":{"footnotes":""},"class_list":["post-1955","page","type-page","status-publish","hentry"],"_links":{"self":[{"href":"https:\/\/schachclub-re-altstadt.de\/index.php?rest_route=\/wp\/v2\/pages\/1955","targetHints":{"allow":["GET"]}}],"collection":[{"href":"https:\/\/schachclub-re-altstadt.de\/index.php?rest_route=\/wp\/v2\/pages"}],"about":[{"href":"https:\/\/schachclub-re-altstadt.de\/index.php?rest_route=\/wp\/v2\/types\/page"}],"author":[{"embeddable":true,"href":"https:\/\/schachclub-re-altstadt.de\/index.php?rest_route=\/wp\/v2\/users\/2"}],"replies":[{"embeddable":true,"href":"https:\/\/schachclub-re-altstadt.de\/index.php?rest_route=%2Fwp%2Fv2%2Fcomments&post=1955"}],"version-history":[{"count":1,"href":"https:\/\/schachclub-re-altstadt.de\/index.php?rest_route=\/wp\/v2\/pages\/1955\/revisions"}],"predecessor-version":[{"id":1957,"href":"https:\/\/schachclub-re-altstadt.de\/index.php?rest_route=\/wp\/v2\/pages\/1955\/revisions\/1957"}],"up":[{"embeddable":true,"href":"https:\/\/schachclub-re-altstadt.de\/index.php?rest_route=\/wp\/v2\/pages\/1954"}],"wp:attachment":[{"href":"https:\/\/schachclub-re-altstadt.de\/index.php?rest_route=%2Fwp%2Fv2%2Fmedia&parent=1955"}],"curies":[{"name":"wp","href":"https:\/\/api.w.org\/{rel}","templated":true}]}}