{"id":1296,"date":"2014-10-15T21:03:49","date_gmt":"2014-10-15T19:03:49","guid":{"rendered":"http:\/\/schachclub-re-altstadt.de\/?page_id=1296"},"modified":"2016-08-27T10:32:27","modified_gmt":"2016-08-27T08:32:27","slug":"stadtblitzmeisterschaft","status":"publish","type":"page","link":"https:\/\/schachclub-re-altstadt.de\/?page_id=1296","title":{"rendered":"Stadtblitzmeisterschaft 2014"},"content":{"rendered":"<p style=\"text-align: justify;\">Die Stadtblitzmeisterschaft 2014 in Recklinghausen fand am 26. September im B\u00fcrgerhaus S\u00fcd statt. Gewonnen hat FM Heiko Kummerow (RSG L\u00e4ufer-Ost) vor Klaus Beckmann (SF Neuenkirchen) und Stefan Wickenfeld (SK Herne-Sodingen). Weitere Informationen gibt&#8217;s hier:<\/p>\n<p><a href=\"http:\/\/schachclub-re-altstadt.de\/wp-content\/uploads\/2014\/09\/Stadtblitzmeisterschaft-2014.pdf\">Stadtblitzmeisterschaft 2014<\/a><br \/>\n<a title=\"Ergebnisse\" href=\"http:\/\/schachclub-re-altstadt.de\/?page_id=1301\">Ergebnisse<\/a><br \/>\n<a title=\"Heiko Kummerow ist \u201cRecklingh\u00e4user Stadtblitzmeister 2014\u2033\" href=\"http:\/\/schachclub-re-altstadt.de\/?p=1260\">Abschlussbericht<\/a><br \/>\n<a title=\"Fotos\" href=\"http:\/\/schachclub-re-altstadt.de\/?page_id=1303\">Fotos<\/a><\/p>\n","protected":false},"excerpt":{"rendered":"<p>Die Stadtblitzmeisterschaft 2014 in Recklinghausen fand am 26. September im B\u00fcrgerhaus S\u00fcd statt. Gewonnen hat FM Heiko Kummerow (RSG L\u00e4ufer-Ost) vor Klaus Beckmann (SF Neuenkirchen) und Stefan Wickenfeld (SK Herne-Sodingen). Weitere Informationen gibt&#8217;s hier: Stadtblitzmeisterschaft 2014 Ergebnisse Abschlussbericht Fotos<\/p>\n","protected":false},"author":2,"featured_media":0,"parent":3181,"menu_order":20,"comment_status":"open","ping_status":"open","template":"","meta":{"footnotes":""},"class_list":["post-1296","page","type-page","status-publish","hentry"],"_links":{"self":[{"href":"https:\/\/schachclub-re-altstadt.de\/index.php?rest_route=\/wp\/v2\/pages\/1296","targetHints":{"allow":["GET"]}}],"collection":[{"href":"https:\/\/schachclub-re-altstadt.de\/index.php?rest_route=\/wp\/v2\/pages"}],"about":[{"href":"https:\/\/schachclub-re-altstadt.de\/index.php?rest_route=\/wp\/v2\/types\/page"}],"author":[{"embeddable":true,"href":"https:\/\/schachclub-re-altstadt.de\/index.php?rest_route=\/wp\/v2\/users\/2"}],"replies":[{"embeddable":true,"href":"https:\/\/schachclub-re-altstadt.de\/index.php?rest_route=%2Fwp%2Fv2%2Fcomments&post=1296"}],"version-history":[{"count":9,"href":"https:\/\/schachclub-re-altstadt.de\/index.php?rest_route=\/wp\/v2\/pages\/1296\/revisions"}],"predecessor-version":[{"id":3183,"href":"https:\/\/schachclub-re-altstadt.de\/index.php?rest_route=\/wp\/v2\/pages\/1296\/revisions\/3183"}],"up":[{"embeddable":true,"href":"https:\/\/schachclub-re-altstadt.de\/index.php?rest_route=\/wp\/v2\/pages\/3181"}],"wp:attachment":[{"href":"https:\/\/schachclub-re-altstadt.de\/index.php?rest_route=%2Fwp%2Fv2%2Fmedia&parent=1296"}],"curies":[{"name":"wp","href":"https:\/\/api.w.org\/{rel}","templated":true}]}}