{"id":1167,"date":"2014-09-09T01:39:14","date_gmt":"2014-09-08T23:39:14","guid":{"rendered":"http:\/\/schachclub-re-altstadt.de\/?page_id=1167"},"modified":"2016-06-12T14:02:58","modified_gmt":"2016-06-12T12:02:58","slug":"thementurniere","status":"publish","type":"page","link":"https:\/\/schachclub-re-altstadt.de\/?page_id=1167","title":{"rendered":"Schnellschachturniere"},"content":{"rendered":"<p style=\"text-align: justify;\">Auch in dieser Saison wird unsere Reihe der vereinsinternen Schnellschachturniere mit und ohne Themenvorgabe im Kolpinghaus fortgesetzt. Wie in der Vorsaison werden die Spielergebnisse kumuliert, sodass wir im Sommer einen Turniersieger &#8222;Schnellschach&#8220; f\u00fcr unseren Schachverein k\u00fcren k\u00f6nnen.<\/p>\n<p style=\"text-align: justify;\">Wir wollen das Turnier wieder zum Anlass nehmen, uns bei unseren Vereinsmitgliedern f\u00fcr Vereinstreue und aktive Teilnahme am Vereinsleben zu bedanken. Deshalb werden wir auch in diesem Jahr Geldpreise f\u00fcr das Vereinsturnier ausloben.<\/p>\n<p>1. Turniersieger\u00a0\u00a0\u00a0\u00a0\u00a0\u00a0\u00a0\u00a0\u00a0 50,00 Euro<br \/>\n2. Zweiter\u00a0\u00a0\u00a0\u00a0\u00a0\u00a0\u00a0\u00a0\u00a0\u00a0\u00a0\u00a0\u00a0\u00a0\u00a0\u00a0\u00a0\u00a0 \u00a0\u00a0 30,00 Euro<br \/>\n3. Dritter\u00a0\u00a0\u00a0\u00a0\u00a0\u00a0\u00a0\u00a0\u00a0\u00a0\u00a0\u00a0\u00a0\u00a0\u00a0\u00a0\u00a0\u00a0 \u00a0\u00a0\u00a0 20,00 Euro<\/p>\n<p style=\"text-align: justify;\">Weiterhin gibt es f\u00fcr alle Teilnehmer Sachpreise!<\/p>\n<p style=\"text-align: justify;\">Dank an Franz Schulze Bisping, dass er uns als Turnierleiter durch das Turnier begleiten wird.<\/p>\n<h3 style=\"text-align: justify;\">Turniere:<\/h3>\n<p style=\"text-align: justify;\">30.10.2015: <a href=\"http:\/\/schachclub-re-altstadt.de\/?page_id=2527\">ohne Themenvorgabe<\/a> (Sieger: Peter Trzaska)<br \/>\n20.11.2015: <a href=\"http:\/\/schachclub-re-altstadt.de\/?page_id=2580\">Albins Gegengambit<\/a> (Sieger: Franz Schulze Bisping)<br \/>\n22.01.2016: <a href=\"http:\/\/schachclub-re-altstadt.de\/?page_id=2803\">ohne Themenvorgabe<\/a> (Sieger: Peter Trzaska)<br \/>\n26.02.2016: <a href=\"http:\/\/schachclub-re-altstadt.de\/?page_id=2869\">Schottisches Gambit<\/a> (Sieger: Peter Trzaska)<em><br \/>\n<\/em>08.04.2016: <a href=\"http:\/\/schachclub-re-altstadt.de\/?page_id=2942\">ohne Themenvorgabe<\/a> (Sieger: Peter Trzaska)<em><br \/>\n<\/em>13.05.2016: <a href=\"http:\/\/schachclub-re-altstadt.de\/?page_id=3049\">Trompowsky-Er\u00f6ffnung<\/a> (Sieger: Stefan Wickenfeld)<br \/>\n10.06.2016: <a href=\"http:\/\/schachclub-re-altstadt.de\/?page_id=3126\">ohne Themenvorgabe<\/a> (Sieger: Stefan Wickenfeld)<em><br \/>\n<\/em><\/p>\n<p style=\"text-align: justify;\"><a href=\"http:\/\/schachclub-re-altstadt.de\/?page_id=2537\">Gesamtwertung<\/a><\/p>\n","protected":false},"excerpt":{"rendered":"<p>Auch in dieser Saison wird unsere Reihe der vereinsinternen Schnellschachturniere mit und ohne Themenvorgabe im Kolpinghaus fortgesetzt. Wie in der Vorsaison werden die Spielergebnisse kumuliert, sodass wir im Sommer einen Turniersieger &#8222;Schnellschach&#8220; f\u00fcr unseren Schachverein k\u00fcren k\u00f6nnen. Wir wollen das &hellip; <a href=\"https:\/\/schachclub-re-altstadt.de\/?page_id=1167\">Weiterlesen <span class=\"meta-nav\">&rarr;<\/span><\/a><\/p>\n","protected":false},"author":2,"featured_media":0,"parent":750,"menu_order":3,"comment_status":"open","ping_status":"open","template":"","meta":{"footnotes":""},"class_list":["post-1167","page","type-page","status-publish","hentry"],"_links":{"self":[{"href":"https:\/\/schachclub-re-altstadt.de\/index.php?rest_route=\/wp\/v2\/pages\/1167","targetHints":{"allow":["GET"]}}],"collection":[{"href":"https:\/\/schachclub-re-altstadt.de\/index.php?rest_route=\/wp\/v2\/pages"}],"about":[{"href":"https:\/\/schachclub-re-altstadt.de\/index.php?rest_route=\/wp\/v2\/types\/page"}],"author":[{"embeddable":true,"href":"https:\/\/schachclub-re-altstadt.de\/index.php?rest_route=\/wp\/v2\/users\/2"}],"replies":[{"embeddable":true,"href":"https:\/\/schachclub-re-altstadt.de\/index.php?rest_route=%2Fwp%2Fv2%2Fcomments&post=1167"}],"version-history":[{"count":27,"href":"https:\/\/schachclub-re-altstadt.de\/index.php?rest_route=\/wp\/v2\/pages\/1167\/revisions"}],"predecessor-version":[{"id":3150,"href":"https:\/\/schachclub-re-altstadt.de\/index.php?rest_route=\/wp\/v2\/pages\/1167\/revisions\/3150"}],"up":[{"embeddable":true,"href":"https:\/\/schachclub-re-altstadt.de\/index.php?rest_route=\/wp\/v2\/pages\/750"}],"wp:attachment":[{"href":"https:\/\/schachclub-re-altstadt.de\/index.php?rest_route=%2Fwp%2Fv2%2Fmedia&parent=1167"}],"curies":[{"name":"wp","href":"https:\/\/api.w.org\/{rel}","templated":true}]}}